{"id":88,"date":"2025-04-18T09:31:53","date_gmt":"2025-04-18T08:31:53","guid":{"rendered":"https:\/\/www.barglings-caterings.de\/?page_id=88"},"modified":"2025-06-26T10:05:59","modified_gmt":"2025-06-26T09:05:59","slug":"events","status":"publish","type":"page","link":"https:\/\/www.barglings-caterings.de\/index.php\/events\/","title":{"rendered":"Events"},"content":{"rendered":"\n<p>Aktuelles und wo ihr uns als n\u00e4chstes finden k\u00f6nnt.<\/p>\n\n\n\n<h1 class=\"wp-block-heading\">Sunset Beach Club Timmendorfer Strand 4.7.-6.7.25<\/h1>\n\n\n\n<pre class=\"wp-block-preformatted\">Sunset Beach Club<br>Maritim Seebr\u00fccke, Timmendorf<br><br>Loungige Stimmung mit entspannter Strandmusik aus Latin, Soul und Funk-perfekt, um den Alltag hinter sich zu lassen. Ab 15 Uhr legt DJ C.S.P. auf, die gastronomischen Partner freuen sich, euch mit leckeren Speisen und Getr\u00e4nken zu verw\u00f6hnen. Ab 19 Uhr sorgen an allen Tagen Live-Bands f\u00fcr eine tolle Strandatmossph\u00e4re.<br><br>Pulled Beef und Mushroom Schale mit Pommes und Coleslaw wird unser Angebot sein, wir freuen uns auf euren Besuch!<\/pre>\n\n\n\n<p><\/p>\n","protected":false},"excerpt":{"rendered":"<p>Aktuelles und wo ihr uns als n\u00e4chstes finden k\u00f6nnt. Sunset Beach Club Timmendorfer Strand 4.7.-6.7.25 Sunset Beach ClubMaritim Seebr\u00fccke, TimmendorfLoungige Stimmung mit entspannter Strandmusik aus Latin, Soul und Funk-perfekt, um den Alltag hinter sich zu lassen. Ab 15 Uhr legt DJ C.S.P. auf, die gastronomischen Partner freuen sich, euch mit leckeren Speisen und Getr\u00e4nken zu [&hellip;]<\/p>\n","protected":false},"author":2,"featured_media":0,"parent":0,"menu_order":0,"comment_status":"closed","ping_status":"closed","template":"","meta":{"footnotes":""},"class_list":["post-88","page","type-page","status-publish","hentry"],"_links":{"self":[{"href":"https:\/\/www.barglings-caterings.de\/index.php\/wp-json\/wp\/v2\/pages\/88","targetHints":{"allow":["GET"]}}],"collection":[{"href":"https:\/\/www.barglings-caterings.de\/index.php\/wp-json\/wp\/v2\/pages"}],"about":[{"href":"https:\/\/www.barglings-caterings.de\/index.php\/wp-json\/wp\/v2\/types\/page"}],"author":[{"embeddable":true,"href":"https:\/\/www.barglings-caterings.de\/index.php\/wp-json\/wp\/v2\/users\/2"}],"replies":[{"embeddable":true,"href":"https:\/\/www.barglings-caterings.de\/index.php\/wp-json\/wp\/v2\/comments?post=88"}],"version-history":[{"count":2,"href":"https:\/\/www.barglings-caterings.de\/index.php\/wp-json\/wp\/v2\/pages\/88\/revisions"}],"predecessor-version":[{"id":125,"href":"https:\/\/www.barglings-caterings.de\/index.php\/wp-json\/wp\/v2\/pages\/88\/revisions\/125"}],"wp:attachment":[{"href":"https:\/\/www.barglings-caterings.de\/index.php\/wp-json\/wp\/v2\/media?parent=88"}],"curies":[{"name":"wp","href":"https:\/\/api.w.org\/{rel}","templated":true}]}}